{"id":10208,"date":"2024-06-23T02:41:07","date_gmt":"2024-06-23T02:41:07","guid":{"rendered":"https:\/\/digitalartefakttest.xyz\/?page_id=10208"},"modified":"2024-11-21T15:16:10","modified_gmt":"2024-11-21T15:16:10","slug":"o-izucavanju-stranih-jezika","status":"publish","type":"page","link":"https:\/\/doublel.me\/en\/o-izucavanju-stranih-jezika\/","title":{"rendered":"O izu\u010davanju stranih jezika"},"content":{"rendered":"<p>U\u010denje stranih jezika pru\u017ea brojne benefite i od velike je va\u017enosti u dana\u0161njem svijetu. Prema istra\u017eivanjima Oksforda i Kembrid\u017ea, u\u010denje stranih jezika pobolj\u0161ava kognitivne sposobnosti, pove\u0107ava kreativnost i podsti\u010de razumijevanje drugih kultura. Tako\u0111e, poznavanje stranih jezika predstavlja preduslov za bolji li\u010dni i profesionalni razvoj.<\/p>\n\n\n\n<p>Studije su pokazale da u\u010denje jezika stimuli\u0161e mozak, pove\u0107ava njegovu sposobnost rje\u0161avanja problema i multitaskinga. Ono pobolj\u0161ava memoriju i pove\u0107ava mogu\u0107nost savla\u0111ivanja drugih predmeta.<\/p>\n\n\n\n<p>U\u010denje stranih jezika pove\u0107ava kreativnost. Izu\u010davanjem &nbsp;novog jezika, pojedinci razvijaju novu perspektivu na svijet, \u0161to pobolj\u0161ava inovativnost. Osim toga, omogu\u0107ava pojedincima da razmi\u0161ljaju izvan okvira i razmatraju razli\u010dite perspektive.<\/p>\n\n\n\n<p>Poznavanje stranih jezika mo\u017ee pobolj\u0161ati mogu\u0107nosti zapo\u0161ljavanja i karijerne prilike.<\/p>\n\n\n\n<p>Dobrodo\u0161li u DOUBLE L.<\/p>","protected":false},"excerpt":{"rendered":"<p>U\u010denje stranih jezika pru\u017ea brojne benefite i od velike je va\u017enosti u dana\u0161njem svijetu. Prema istra\u017eivanjima Oksforda i Kembrid\u017ea, u\u010denje stranih jezika pobolj\u0161ava kognitivne sposobnosti, pove\u0107ava kreativnost i podsti\u010de razumijevanje drugih kultura. Tako\u0111e, poznavanje stranih jezika predstavlja preduslov za bolji li\u010dni i profesionalni razvoj. Studije su pokazale da u\u010denje jezika stimuli\u0161e mozak, pove\u0107ava njegovu sposobnost rje\u0161avanja problema i multitaskinga. Ono&hellip;<\/p>","protected":false},"author":1,"featured_media":0,"parent":0,"menu_order":0,"comment_status":"closed","ping_status":"closed","template":"","meta":{"footnotes":""},"class_list":["post-10208","page","type-page","status-publish","hentry"],"yoast_head":"<!-- This site is optimized with the Yoast SEO plugin v23.7 - https:\/\/yoast.com\/wordpress\/plugins\/seo\/ -->\n<title>O izu\u010davanju stranih jezika - Double L<\/title>\n<meta name=\"robots\" content=\"index, follow, max-snippet:-1, max-image-preview:large, max-video-preview:-1\" \/>\n<link rel=\"canonical\" href=\"https:\/\/doublel.me\/en\/o-izucavanju-stranih-jezika\/\" \/>\n<meta property=\"og:locale\" content=\"en_GB\" \/>\n<meta property=\"og:type\" content=\"article\" \/>\n<meta property=\"og:title\" content=\"O izu\u010davanju stranih jezika - Double L\" \/>\n<meta property=\"og:description\" content=\"U\u010denje stranih jezika pru\u017ea brojne benefite i od velike je va\u017enosti u dana\u0161njem svijetu. Prema istra\u017eivanjima Oksforda i Kembrid\u017ea, u\u010denje stranih jezika pobolj\u0161ava kognitivne sposobnosti, pove\u0107ava kreativnost i podsti\u010de razumijevanje drugih kultura. Tako\u0111e, poznavanje stranih jezika predstavlja preduslov za bolji li\u010dni i profesionalni razvoj. Studije su pokazale da u\u010denje jezika stimuli\u0161e mozak, pove\u0107ava njegovu sposobnost rje\u0161avanja problema i multitaskinga. Ono&hellip;\" \/>\n<meta property=\"og:url\" content=\"https:\/\/doublel.me\/en\/o-izucavanju-stranih-jezika\/\" \/>\n<meta property=\"og:site_name\" content=\"Double L\" \/>\n<meta property=\"article:modified_time\" content=\"2024-11-21T15:16:10+00:00\" \/>\n<meta name=\"twitter:card\" content=\"summary_large_image\" \/>\n<meta name=\"twitter:label1\" content=\"Estimated reading time\" \/>\n\t<meta name=\"twitter:data1\" content=\"1 minute\" \/>\n<script type=\"application\/ld+json\" class=\"yoast-schema-graph\">{\"@context\":\"https:\/\/schema.org\",\"@graph\":[{\"@type\":\"WebPage\",\"@id\":\"https:\/\/doublel.me\/o-izucavanju-stranih-jezika\/\",\"url\":\"https:\/\/doublel.me\/o-izucavanju-stranih-jezika\/\",\"name\":\"O izu\u010davanju stranih jezika - Double L\",\"isPartOf\":{\"@id\":\"https:\/\/doublel.me\/#website\"},\"datePublished\":\"2024-06-23T02:41:07+00:00\",\"dateModified\":\"2024-11-21T15:16:10+00:00\",\"breadcrumb\":{\"@id\":\"https:\/\/doublel.me\/o-izucavanju-stranih-jezika\/#breadcrumb\"},\"inLanguage\":\"en-GB\",\"potentialAction\":[{\"@type\":\"ReadAction\",\"target\":[\"https:\/\/doublel.me\/o-izucavanju-stranih-jezika\/\"]}]},{\"@type\":\"BreadcrumbList\",\"@id\":\"https:\/\/doublel.me\/o-izucavanju-stranih-jezika\/#breadcrumb\",\"itemListElement\":[{\"@type\":\"ListItem\",\"position\":1,\"name\":\"Po\u010detna\",\"item\":\"https:\/\/doublel.me\/\"},{\"@type\":\"ListItem\",\"position\":2,\"name\":\"O izu\u010davanju stranih jezika\"}]},{\"@type\":\"WebSite\",\"@id\":\"https:\/\/doublel.me\/#website\",\"url\":\"https:\/\/doublel.me\/\",\"name\":\"Double L\",\"description\":\"Centar za strane jezike i prevodila\u0161tvo Double L\",\"potentialAction\":[{\"@type\":\"SearchAction\",\"target\":{\"@type\":\"EntryPoint\",\"urlTemplate\":\"https:\/\/doublel.me\/?s={search_term_string}\"},\"query-input\":{\"@type\":\"PropertyValueSpecification\",\"valueRequired\":true,\"valueName\":\"search_term_string\"}}],\"inLanguage\":\"en-GB\"}]}<\/script>\n<!-- \/ Yoast SEO plugin. -->","yoast_head_json":{"title":"O izu\u010davanju stranih jezika - Double L","robots":{"index":"index","follow":"follow","max-snippet":"max-snippet:-1","max-image-preview":"max-image-preview:large","max-video-preview":"max-video-preview:-1"},"canonical":"https:\/\/doublel.me\/en\/o-izucavanju-stranih-jezika\/","og_locale":"en_GB","og_type":"article","og_title":"O izu\u010davanju stranih jezika - Double L","og_description":"U\u010denje stranih jezika pru\u017ea brojne benefite i od velike je va\u017enosti u dana\u0161njem svijetu. Prema istra\u017eivanjima Oksforda i Kembrid\u017ea, u\u010denje stranih jezika pobolj\u0161ava kognitivne sposobnosti, pove\u0107ava kreativnost i podsti\u010de razumijevanje drugih kultura. Tako\u0111e, poznavanje stranih jezika predstavlja preduslov za bolji li\u010dni i profesionalni razvoj. Studije su pokazale da u\u010denje jezika stimuli\u0161e mozak, pove\u0107ava njegovu sposobnost rje\u0161avanja problema i multitaskinga. Ono&hellip;","og_url":"https:\/\/doublel.me\/en\/o-izucavanju-stranih-jezika\/","og_site_name":"Double L","article_modified_time":"2024-11-21T15:16:10+00:00","twitter_card":"summary_large_image","twitter_misc":{"Estimated reading time":"1 minute"},"schema":{"@context":"https:\/\/schema.org","@graph":[{"@type":"WebPage","@id":"https:\/\/doublel.me\/o-izucavanju-stranih-jezika\/","url":"https:\/\/doublel.me\/o-izucavanju-stranih-jezika\/","name":"O izu\u010davanju stranih jezika - Double L","isPartOf":{"@id":"https:\/\/doublel.me\/#website"},"datePublished":"2024-06-23T02:41:07+00:00","dateModified":"2024-11-21T15:16:10+00:00","breadcrumb":{"@id":"https:\/\/doublel.me\/o-izucavanju-stranih-jezika\/#breadcrumb"},"inLanguage":"en-GB","potentialAction":[{"@type":"ReadAction","target":["https:\/\/doublel.me\/o-izucavanju-stranih-jezika\/"]}]},{"@type":"BreadcrumbList","@id":"https:\/\/doublel.me\/o-izucavanju-stranih-jezika\/#breadcrumb","itemListElement":[{"@type":"ListItem","position":1,"name":"Po\u010detna","item":"https:\/\/doublel.me\/"},{"@type":"ListItem","position":2,"name":"O izu\u010davanju stranih jezika"}]},{"@type":"WebSite","@id":"https:\/\/doublel.me\/#website","url":"https:\/\/doublel.me\/","name":"Double L","description":"Centar za strane jezike i prevodila\u0161tvo Double L","potentialAction":[{"@type":"SearchAction","target":{"@type":"EntryPoint","urlTemplate":"https:\/\/doublel.me\/?s={search_term_string}"},"query-input":{"@type":"PropertyValueSpecification","valueRequired":true,"valueName":"search_term_string"}}],"inLanguage":"en-GB"}]}},"_links":{"self":[{"href":"https:\/\/doublel.me\/en\/wp-json\/wp\/v2\/pages\/10208","targetHints":{"allow":["GET"]}}],"collection":[{"href":"https:\/\/doublel.me\/en\/wp-json\/wp\/v2\/pages"}],"about":[{"href":"https:\/\/doublel.me\/en\/wp-json\/wp\/v2\/types\/page"}],"author":[{"embeddable":true,"href":"https:\/\/doublel.me\/en\/wp-json\/wp\/v2\/users\/1"}],"replies":[{"embeddable":true,"href":"https:\/\/doublel.me\/en\/wp-json\/wp\/v2\/comments?post=10208"}],"version-history":[{"count":1,"href":"https:\/\/doublel.me\/en\/wp-json\/wp\/v2\/pages\/10208\/revisions"}],"predecessor-version":[{"id":11660,"href":"https:\/\/doublel.me\/en\/wp-json\/wp\/v2\/pages\/10208\/revisions\/11660"}],"wp:attachment":[{"href":"https:\/\/doublel.me\/en\/wp-json\/wp\/v2\/media?parent=10208"}],"curies":[{"name":"wp","href":"https:\/\/api.w.org\/{rel}","templated":true}]}}