{"id":10245,"date":"2024-06-23T15:58:41","date_gmt":"2024-06-23T15:58:41","guid":{"rendered":"https:\/\/digitalartefakttest.xyz\/?page_id=10245"},"modified":"2024-11-21T15:16:23","modified_gmt":"2024-11-21T15:16:23","slug":"odrasli","status":"publish","type":"page","link":"https:\/\/doublel.me\/en\/odrasli\/","title":{"rendered":"Adults"},"content":{"rendered":"<div class=\"vc_row wpb_row vc_row-fluid\"><div class=\"wpb_column vc_column_container vc_col-sm-12 sc_layouts_column_icons_position_left\"><div class=\"vc_column-inner\"><div class=\"wpb_wrapper\"><div id=\"sc_title_1242507049\"\n\t\tclass=\"sc_title sc_title_default\"><h6 class=\"sc_item_subtitle sc_title_subtitle sc_align_left sc_item_title_style_default\">courses<\/h6><h1 class=\"sc_item_title sc_title_title sc_align_left sc_item_title_style_default sc_item_title_tag\">Adults<\/h1><\/div><!-- \/.sc_title -->\n\t<div class=\"wpb_text_column wpb_content_element\" >\n\t\t<div class=\"wpb_wrapper\">\n\t\t\t<p>Govoriti strani jezik ili slu\u0161ati, razumjeti sagovornika koji govori drugim jezikom je intelektualna dobit i profesionalna prednost. U\u010denje jezika je primaran izbor u obrazovanju, a\u00a0 njihova upotreba\u00a0 je vje\u0161tina koja nas \u010dini komunikativno neograni\u010denima.<\/p>\n<p>Are you prepared to invest in your knowledge? We provide a wide variety of adult language classes because we believe that everyone may benefit from improving or learning a new language. We monitor everyone's progress in the course and adjust our lessons based on what the group needs and wants at all times.<\/p>\n<p>Za odrasle polaznike organizujemo kurseve stranih jezika od po\u010detnog\u00a0 (nivo A1) do naprednog nivoa (nivo C2).\u00a0 Zahvaljuju\u0107i velikom broju grupa istog nivoa, imamo mogu\u0107nost da termine prilagodimo potrebama i zahtjevima polaznika u skladu sa njihovim dnevnim i poslovnim obavezama.<br \/>Svi zainteresovani mogu da provjere svoje znanje stranog jezika popunjavanjem dijagnosti\u010dkih testova. Po izradi testa dobi\u0107ete rezultat o svom nivou znanja, a na osnovu toga mi \u0107emo Vam odrediti grupu. Testiranje je besplatno. Nastava se odvija u malim grupama, dok su profesori\u00a0 iskusni i licencirani predava\u010di.<\/p>\n<p>Upon completion of the program and successful examination, all participants are awarded an internationally recognized certificate attesting to their proficiency in a foreign language.<\/p>\n\n\t\t<\/div>\n\t<\/div>\n<\/div><\/div><\/div><\/div>","protected":false},"excerpt":{"rendered":"programiOdrasli Govoriti strani jezik ili slu\u0161ati, razumjeti sagovornika koji govori drugim jezikom je intelektualna dobit i profesionalna prednost. U\u010denje jezika je primaran izbor u obrazovanju, a\u00a0 njihova upotreba\u00a0 je vje\u0161tina koja nas \u010dini komunikativno neograni\u010denima. Spremni ste da ula\u017eete u svoje znanje? Za usavr\u0161avanje ili u\u010denje novog jezika nikad nije kasno, a u skladu sa tim u ponudi imamo veliki&hellip;","protected":false},"author":1,"featured_media":0,"parent":0,"menu_order":0,"comment_status":"closed","ping_status":"closed","template":"","meta":{"footnotes":""},"class_list":["post-10245","page","type-page","status-publish","hentry"],"yoast_head":"<!-- This site is optimized with the Yoast SEO plugin v23.7 - https:\/\/yoast.com\/wordpress\/plugins\/seo\/ -->\n<title>Odrasli - Double L<\/title>\n<meta name=\"robots\" content=\"index, follow, max-snippet:-1, max-image-preview:large, max-video-preview:-1\" \/>\n<link rel=\"canonical\" href=\"https:\/\/doublel.me\/en\/odrasli\/\" \/>\n<meta property=\"og:locale\" content=\"en_GB\" \/>\n<meta property=\"og:type\" content=\"article\" \/>\n<meta property=\"og:title\" content=\"Odrasli - Double L\" \/>\n<meta property=\"og:url\" content=\"https:\/\/doublel.me\/en\/odrasli\/\" \/>\n<meta property=\"og:site_name\" content=\"Double L\" \/>\n<meta property=\"article:modified_time\" content=\"2024-11-21T15:16:23+00:00\" \/>\n<meta name=\"twitter:card\" content=\"summary_large_image\" \/>\n<meta name=\"twitter:label1\" content=\"Estimated reading time\" \/>\n\t<meta name=\"twitter:data1\" content=\"2 minutes\" \/>\n<script type=\"application\/ld+json\" class=\"yoast-schema-graph\">{\"@context\":\"https:\/\/schema.org\",\"@graph\":[{\"@type\":\"WebPage\",\"@id\":\"https:\/\/doublel.me\/odrasli\/\",\"url\":\"https:\/\/doublel.me\/odrasli\/\",\"name\":\"Odrasli - Double L\",\"isPartOf\":{\"@id\":\"https:\/\/doublel.me\/#website\"},\"datePublished\":\"2024-06-23T15:58:41+00:00\",\"dateModified\":\"2024-11-21T15:16:23+00:00\",\"breadcrumb\":{\"@id\":\"https:\/\/doublel.me\/odrasli\/#breadcrumb\"},\"inLanguage\":\"en-GB\",\"potentialAction\":[{\"@type\":\"ReadAction\",\"target\":[\"https:\/\/doublel.me\/odrasli\/\"]}]},{\"@type\":\"BreadcrumbList\",\"@id\":\"https:\/\/doublel.me\/odrasli\/#breadcrumb\",\"itemListElement\":[{\"@type\":\"ListItem\",\"position\":1,\"name\":\"Po\u010detna\",\"item\":\"https:\/\/doublel.me\/\"},{\"@type\":\"ListItem\",\"position\":2,\"name\":\"Odrasli\"}]},{\"@type\":\"WebSite\",\"@id\":\"https:\/\/doublel.me\/#website\",\"url\":\"https:\/\/doublel.me\/\",\"name\":\"Double L\",\"description\":\"Centar za strane jezike i prevodila\u0161tvo Double L\",\"potentialAction\":[{\"@type\":\"SearchAction\",\"target\":{\"@type\":\"EntryPoint\",\"urlTemplate\":\"https:\/\/doublel.me\/?s={search_term_string}\"},\"query-input\":{\"@type\":\"PropertyValueSpecification\",\"valueRequired\":true,\"valueName\":\"search_term_string\"}}],\"inLanguage\":\"en-GB\"}]}<\/script>\n<!-- \/ Yoast SEO plugin. -->","yoast_head_json":{"title":"Odrasli - Double L","robots":{"index":"index","follow":"follow","max-snippet":"max-snippet:-1","max-image-preview":"max-image-preview:large","max-video-preview":"max-video-preview:-1"},"canonical":"https:\/\/doublel.me\/en\/odrasli\/","og_locale":"en_GB","og_type":"article","og_title":"Odrasli - Double L","og_url":"https:\/\/doublel.me\/en\/odrasli\/","og_site_name":"Double L","article_modified_time":"2024-11-21T15:16:23+00:00","twitter_card":"summary_large_image","twitter_misc":{"Estimated reading time":"2 minutes"},"schema":{"@context":"https:\/\/schema.org","@graph":[{"@type":"WebPage","@id":"https:\/\/doublel.me\/odrasli\/","url":"https:\/\/doublel.me\/odrasli\/","name":"Odrasli - Double L","isPartOf":{"@id":"https:\/\/doublel.me\/#website"},"datePublished":"2024-06-23T15:58:41+00:00","dateModified":"2024-11-21T15:16:23+00:00","breadcrumb":{"@id":"https:\/\/doublel.me\/odrasli\/#breadcrumb"},"inLanguage":"en-GB","potentialAction":[{"@type":"ReadAction","target":["https:\/\/doublel.me\/odrasli\/"]}]},{"@type":"BreadcrumbList","@id":"https:\/\/doublel.me\/odrasli\/#breadcrumb","itemListElement":[{"@type":"ListItem","position":1,"name":"Po\u010detna","item":"https:\/\/doublel.me\/"},{"@type":"ListItem","position":2,"name":"Odrasli"}]},{"@type":"WebSite","@id":"https:\/\/doublel.me\/#website","url":"https:\/\/doublel.me\/","name":"Double L","description":"Centar za strane jezike i prevodila\u0161tvo Double L","potentialAction":[{"@type":"SearchAction","target":{"@type":"EntryPoint","urlTemplate":"https:\/\/doublel.me\/?s={search_term_string}"},"query-input":{"@type":"PropertyValueSpecification","valueRequired":true,"valueName":"search_term_string"}}],"inLanguage":"en-GB"}]}},"_links":{"self":[{"href":"https:\/\/doublel.me\/en\/wp-json\/wp\/v2\/pages\/10245","targetHints":{"allow":["GET"]}}],"collection":[{"href":"https:\/\/doublel.me\/en\/wp-json\/wp\/v2\/pages"}],"about":[{"href":"https:\/\/doublel.me\/en\/wp-json\/wp\/v2\/types\/page"}],"author":[{"embeddable":true,"href":"https:\/\/doublel.me\/en\/wp-json\/wp\/v2\/users\/1"}],"replies":[{"embeddable":true,"href":"https:\/\/doublel.me\/en\/wp-json\/wp\/v2\/comments?post=10245"}],"version-history":[{"count":1,"href":"https:\/\/doublel.me\/en\/wp-json\/wp\/v2\/pages\/10245\/revisions"}],"predecessor-version":[{"id":11662,"href":"https:\/\/doublel.me\/en\/wp-json\/wp\/v2\/pages\/10245\/revisions\/11662"}],"wp:attachment":[{"href":"https:\/\/doublel.me\/en\/wp-json\/wp\/v2\/media?parent=10245"}],"curies":[{"name":"wp","href":"https:\/\/api.w.org\/{rel}","templated":true}]}}