{"id":10267,"date":"2024-06-23T16:50:38","date_gmt":"2024-06-23T16:50:38","guid":{"rendered":"https:\/\/digitalartefakttest.xyz\/?page_id=10267"},"modified":"2024-11-21T15:17:50","modified_gmt":"2024-11-21T15:17:50","slug":"sve-vrste-pisanih-prevoda","status":"publish","type":"page","link":"https:\/\/doublel.me\/en\/sve-vrste-pisanih-prevoda\/","title":{"rendered":"Any and all forms of textual translation"},"content":{"rendered":"<div class=\"vc_row wpb_row vc_row-fluid\"><div class=\"wpb_column vc_column_container vc_col-sm-12 sc_layouts_column_icons_position_left\"><div class=\"vc_column-inner\"><div class=\"wpb_wrapper\"><div id=\"sc_title_220320623\"\n\t\tclass=\"sc_title sc_title_default\"><h6 class=\"sc_item_subtitle sc_title_subtitle sc_align_left sc_item_title_style_default\">Translation bureau<\/h6><h3 class=\"sc_item_title sc_title_title sc_align_left sc_item_title_style_default\">Any and all forms of textual translation<\/h3><\/div><!-- \/.sc_title -->\n\t<div class=\"wpb_text_column wpb_content_element\" >\n\t\t<div class=\"wpb_wrapper\">\n\t\t\t<p>With the ever-increasing demand for international trade and the practical necessity of multilingual communication at all levels, we translate into and out of over 25 languages, with or without court certification. We understand that this segment can greatly benefit your company's business.<\/p>\n<p>Our best recommendations come from happy customers. We deliver services in a professional manner that adheres to the profession's terms and conditions and standard translation practices.<\/p>\n<p>The organization of the team and the project is the foundation of our approach to translation. The objective is to build a cooperative connection with each client, ensure mutual satisfaction, and treat each translation as an independent project.<\/p>\n<p>What sets us apart:<\/p>\n<ul class=\"wp-block-list\">\n<li style=\"list-style-type: none;\">\n<ul>\n<li>Integral and quality translation that makes use of specially tailored vocabulary;<\/li>\n<li>Timely completion and delivery;<\/li>\n<li>Protocol for ensuring quality;<\/li>\n<li>Providing translated materials in the preferred format;<\/li>\n<li>Complete privacy of information.<\/li>\n<\/ul>\n<\/li>\n<\/ul>\n<p>Our translators specialize in all types of translations.<\/p>\n<p>The translation of judicial and legal papers<\/p>\n<p>Contracts, tender documentation, minutes, lawsuits, decisions, regulations, extracts from the court register of companies, financial statements, audit reports, invoices, certificates, international licenses, power of attorney, translation of EU legislation, etc.<\/p>\n<p>Translation of general and professional texts<\/p>\n<p>Instructions for use: catalogs, presentations, advertising materials, business correspondence, audio and video recordings, etc.<\/p>\n<p>Consecutive and simultaneous translation<\/p>\n<p>Postoje dvije vrste usmenog prevo\u0111enja &#8211; konsekutivno i simultano &#8211; a odabir vrste prevo\u0111enja zavisi od forme doga\u0111aja, broja govornika i me\u0111unarodnih u\u010desnika, kao i niza drugih faktora. Na\u0161i prevodioci, zahvaljuju\u0107i dugogodi\u0161njem iskustvu\u00a0 su prilagodljivi, fleksibilni i brzi.<br \/>According to your requirements, consecutive translation ensures a thorough and precise translation; nevertheless, the presenter will require twice the time to deliver their speech. However, with simultaneous interpretation, the speaker is not interrupted, which saves time and makes the audience pay closer attention. Interpretations are often done by a pair of interpreters who switch roles every fifteen to thirty minutes.<\/p>\n\n\t\t<\/div>\n\t<\/div>\n<\/div><\/div><\/div><\/div>","protected":false},"excerpt":{"rendered":"Prevodila\u010dki biroSve vrste pisanih prevoda Zbog kontinuiranog trenda rasta poslovanja sa inostranstvom i realne potrebe da se svi nivoi komunikacije odvijaju na profesionalnom nivou, a pri tom svjesni da ovaj segment ostavlja veoma sna\u017ean utisak na samu sliku i nivo poslovanja Va\u0161e firme, nudimo usluge prevo\u0111enja sa\/na vi\u0161e od 25 svjetskih jezika, sa ili bez ovjere sudskog tuma\u010da. Vjerujemo da&hellip;","protected":false},"author":1,"featured_media":0,"parent":0,"menu_order":0,"comment_status":"closed","ping_status":"closed","template":"","meta":{"footnotes":""},"class_list":["post-10267","page","type-page","status-publish","hentry"],"yoast_head":"<!-- This site is optimized with the Yoast SEO plugin v23.7 - https:\/\/yoast.com\/wordpress\/plugins\/seo\/ -->\n<title>Sve vrste pisanih prevoda - Double L<\/title>\n<meta name=\"robots\" content=\"index, follow, max-snippet:-1, max-image-preview:large, max-video-preview:-1\" \/>\n<link rel=\"canonical\" href=\"https:\/\/doublel.me\/en\/sve-vrste-pisanih-prevoda\/\" \/>\n<meta property=\"og:locale\" content=\"en_GB\" \/>\n<meta property=\"og:type\" content=\"article\" \/>\n<meta property=\"og:title\" content=\"Sve vrste pisanih prevoda - Double L\" \/>\n<meta property=\"og:url\" content=\"https:\/\/doublel.me\/en\/sve-vrste-pisanih-prevoda\/\" \/>\n<meta property=\"og:site_name\" content=\"Double L\" \/>\n<meta property=\"article:modified_time\" content=\"2024-11-21T15:17:50+00:00\" \/>\n<meta name=\"twitter:card\" content=\"summary_large_image\" \/>\n<meta name=\"twitter:label1\" content=\"Estimated reading time\" \/>\n\t<meta name=\"twitter:data1\" content=\"2 minutes\" \/>\n<script type=\"application\/ld+json\" class=\"yoast-schema-graph\">{\"@context\":\"https:\/\/schema.org\",\"@graph\":[{\"@type\":\"WebPage\",\"@id\":\"https:\/\/doublel.me\/sve-vrste-pisanih-prevoda\/\",\"url\":\"https:\/\/doublel.me\/sve-vrste-pisanih-prevoda\/\",\"name\":\"Sve vrste pisanih prevoda - Double L\",\"isPartOf\":{\"@id\":\"https:\/\/doublel.me\/#website\"},\"datePublished\":\"2024-06-23T16:50:38+00:00\",\"dateModified\":\"2024-11-21T15:17:50+00:00\",\"breadcrumb\":{\"@id\":\"https:\/\/doublel.me\/sve-vrste-pisanih-prevoda\/#breadcrumb\"},\"inLanguage\":\"en-GB\",\"potentialAction\":[{\"@type\":\"ReadAction\",\"target\":[\"https:\/\/doublel.me\/sve-vrste-pisanih-prevoda\/\"]}]},{\"@type\":\"BreadcrumbList\",\"@id\":\"https:\/\/doublel.me\/sve-vrste-pisanih-prevoda\/#breadcrumb\",\"itemListElement\":[{\"@type\":\"ListItem\",\"position\":1,\"name\":\"Po\u010detna\",\"item\":\"https:\/\/doublel.me\/\"},{\"@type\":\"ListItem\",\"position\":2,\"name\":\"Sve vrste pisanih prevoda\"}]},{\"@type\":\"WebSite\",\"@id\":\"https:\/\/doublel.me\/#website\",\"url\":\"https:\/\/doublel.me\/\",\"name\":\"Double L\",\"description\":\"Centar za strane jezike i prevodila\u0161tvo Double L\",\"potentialAction\":[{\"@type\":\"SearchAction\",\"target\":{\"@type\":\"EntryPoint\",\"urlTemplate\":\"https:\/\/doublel.me\/?s={search_term_string}\"},\"query-input\":{\"@type\":\"PropertyValueSpecification\",\"valueRequired\":true,\"valueName\":\"search_term_string\"}}],\"inLanguage\":\"en-GB\"}]}<\/script>\n<!-- \/ Yoast SEO plugin. -->","yoast_head_json":{"title":"Sve vrste pisanih prevoda - Double L","robots":{"index":"index","follow":"follow","max-snippet":"max-snippet:-1","max-image-preview":"max-image-preview:large","max-video-preview":"max-video-preview:-1"},"canonical":"https:\/\/doublel.me\/en\/sve-vrste-pisanih-prevoda\/","og_locale":"en_GB","og_type":"article","og_title":"Sve vrste pisanih prevoda - Double L","og_url":"https:\/\/doublel.me\/en\/sve-vrste-pisanih-prevoda\/","og_site_name":"Double L","article_modified_time":"2024-11-21T15:17:50+00:00","twitter_card":"summary_large_image","twitter_misc":{"Estimated reading time":"2 minutes"},"schema":{"@context":"https:\/\/schema.org","@graph":[{"@type":"WebPage","@id":"https:\/\/doublel.me\/sve-vrste-pisanih-prevoda\/","url":"https:\/\/doublel.me\/sve-vrste-pisanih-prevoda\/","name":"Sve vrste pisanih prevoda - Double L","isPartOf":{"@id":"https:\/\/doublel.me\/#website"},"datePublished":"2024-06-23T16:50:38+00:00","dateModified":"2024-11-21T15:17:50+00:00","breadcrumb":{"@id":"https:\/\/doublel.me\/sve-vrste-pisanih-prevoda\/#breadcrumb"},"inLanguage":"en-GB","potentialAction":[{"@type":"ReadAction","target":["https:\/\/doublel.me\/sve-vrste-pisanih-prevoda\/"]}]},{"@type":"BreadcrumbList","@id":"https:\/\/doublel.me\/sve-vrste-pisanih-prevoda\/#breadcrumb","itemListElement":[{"@type":"ListItem","position":1,"name":"Po\u010detna","item":"https:\/\/doublel.me\/"},{"@type":"ListItem","position":2,"name":"Sve vrste pisanih prevoda"}]},{"@type":"WebSite","@id":"https:\/\/doublel.me\/#website","url":"https:\/\/doublel.me\/","name":"Double L","description":"Centar za strane jezike i prevodila\u0161tvo Double L","potentialAction":[{"@type":"SearchAction","target":{"@type":"EntryPoint","urlTemplate":"https:\/\/doublel.me\/?s={search_term_string}"},"query-input":{"@type":"PropertyValueSpecification","valueRequired":true,"valueName":"search_term_string"}}],"inLanguage":"en-GB"}]}},"_links":{"self":[{"href":"https:\/\/doublel.me\/en\/wp-json\/wp\/v2\/pages\/10267","targetHints":{"allow":["GET"]}}],"collection":[{"href":"https:\/\/doublel.me\/en\/wp-json\/wp\/v2\/pages"}],"about":[{"href":"https:\/\/doublel.me\/en\/wp-json\/wp\/v2\/types\/page"}],"author":[{"embeddable":true,"href":"https:\/\/doublel.me\/en\/wp-json\/wp\/v2\/users\/1"}],"replies":[{"embeddable":true,"href":"https:\/\/doublel.me\/en\/wp-json\/wp\/v2\/comments?post=10267"}],"version-history":[{"count":1,"href":"https:\/\/doublel.me\/en\/wp-json\/wp\/v2\/pages\/10267\/revisions"}],"predecessor-version":[{"id":11673,"href":"https:\/\/doublel.me\/en\/wp-json\/wp\/v2\/pages\/10267\/revisions\/11673"}],"wp:attachment":[{"href":"https:\/\/doublel.me\/en\/wp-json\/wp\/v2\/media?parent=10267"}],"curies":[{"name":"wp","href":"https:\/\/api.w.org\/{rel}","templated":true}]}}