{"id":11511,"date":"2024-10-11T01:42:12","date_gmt":"2024-10-11T01:42:12","guid":{"rendered":"https:\/\/digitalartefakttest.xyz\/?page_id=11511"},"modified":"2024-11-21T15:16:47","modified_gmt":"2024-11-21T15:16:47","slug":"registracija-za-kurs","status":"publish","type":"page","link":"https:\/\/doublel.me\/en\/registracija-za-kurs\/","title":{"rendered":"Prijava na kurs"},"content":{"rendered":"<div class=\"wpcf7 no-js\" id=\"wpcf7-f11510-o1\" lang=\"sr-RS\" dir=\"ltr\">\n<div class=\"screen-reader-response\"><p role=\"status\" aria-live=\"polite\" aria-atomic=\"true\"><\/p> <ul><\/ul><\/div>\n<form action=\"\/en\/wp-json\/wp\/v2\/pages\/11511#wpcf7-f11510-o1\" method=\"post\" class=\"wpcf7-form init\" aria-label=\"Contact form\" novalidate=\"novalidate\" data-status=\"init\" data-trp-original-action=\"\/en\/wp-json\/wp\/v2\/pages\/11511#wpcf7-f11510-o1\">\n<div style=\"display: none;\">\n<input type=\"hidden\" name=\"_wpcf7\" value=\"11510\" \/>\n<input type=\"hidden\" name=\"_wpcf7_version\" value=\"5.9.8\" \/>\n<input type=\"hidden\" name=\"_wpcf7_locale\" value=\"sr_RS\" \/>\n<input type=\"hidden\" name=\"_wpcf7_unit_tag\" value=\"wpcf7-f11510-o1\" \/>\n<input type=\"hidden\" name=\"_wpcf7_container_post\" value=\"0\" \/>\n<input type=\"hidden\" name=\"_wpcf7_posted_data_hash\" value=\"\" \/>\n<\/div>\n<p><img decoding=\"async\" class=\"emblem lazyload\" data-src=\"\/wp-content\/uploads\/2017\/03\/logo-double-l-e1727363558583.png\" src=\"data:image\/gif;base64,R0lGODlhAQABAAAAACH5BAEKAAEALAAAAAABAAEAAAICTAEAOw==\" style=\"--smush-placeholder-width: 500px; --smush-placeholder-aspect-ratio: 500\/340;\" \/><noscript><img decoding=\"async\" class=\"emblem\" src=\"\/wp-content\/uploads\/2017\/03\/logo-double-l-e1727363558583.png\" \/><\/noscript>\n<\/p>\n<div id=\"sign-up\">\n\t<h3>Prijavi se na kurs\n\t<\/h3>\n\t<h5>Enter the necessary information\n\t<\/h5>\n<hr \/>\n\t<p><label> Va\u0161e ime i prezime *<br \/>\n<span class=\"wpcf7-form-control-wrap\" data-name=\"your-name\"><input size=\"40\" maxlength=\"400\" class=\"wpcf7-form-control wpcf7-text wpcf7-validates-as-required\" autocomplete=\"name\" aria-required=\"true\" aria-invalid=\"false\" value=\"\" type=\"text\" name=\"your-name\" \/><\/span><br \/>\n<\/label><br \/>\n<label> Va\u0161a e-mail adresa *<br \/>\n<span class=\"wpcf7-form-control-wrap\" data-name=\"your-email\"><input size=\"40\" maxlength=\"400\" class=\"wpcf7-form-control wpcf7-email wpcf7-validates-as-required wpcf7-text wpcf7-validates-as-email\" autocomplete=\"email\" aria-required=\"true\" aria-invalid=\"false\" value=\"\" type=\"email\" name=\"your-email\" \/><\/span><br \/>\n<\/label><br \/>\n<label> Telefon *<br \/>\n<span class=\"wpcf7-form-control-wrap\" data-name=\"your-phone\"><input size=\"40\" maxlength=\"400\" class=\"wpcf7-form-control wpcf7-tel wpcf7-validates-as-required wpcf7-text wpcf7-validates-as-tel\" autocomplete=\"tel\" aria-required=\"true\" aria-invalid=\"false\" value=\"\" type=\"tel\" name=\"your-phone\" \/><\/span><br \/>\n<\/label><br \/>\n<label> Uzrast <\/label><br \/>\n<span class=\"wpcf7-form-control-wrap\" data-name=\"radio-589\"><span class=\"wpcf7-form-control wpcf7-radio\"><span class=\"wpcf7-list-item first\"><label><input type=\"radio\" name=\"radio-589\" value=\"4-6 godina\" \/><span class=\"wpcf7-list-item-label\">4-6 godina<\/span><\/label><\/span><span class=\"wpcf7-list-item\"><label><input type=\"radio\" name=\"radio-589\" value=\"\u0111ak\" \/><span class=\"wpcf7-list-item-label\">\u0111ak<\/span><\/label><\/span><span class=\"wpcf7-list-item\"><label><input type=\"radio\" name=\"radio-589\" value=\"student\" \/><span class=\"wpcf7-list-item-label\">student<\/span><\/label><\/span><span class=\"wpcf7-list-item last\"><label><input type=\"radio\" name=\"radio-589\" value=\"odrasli\" \/><span class=\"wpcf7-list-item-label\">odrasli<\/span><\/label><\/span><\/span><\/span>\n\t<\/p>\n\t<div id=\"parent-contact-container\" style=\"visibility:hidden; height: 0;\">\n\t\t<p><label> Za maloljetna lica (do 16 godina) obavezno ostaviti kontakt roditelja za dalji razgovor.<br \/>\n<span class=\"wpcf7-form-control-wrap\" data-name=\"your-parent-contact\"><input size=\"40\" maxlength=\"400\" class=\"wpcf7-form-control wpcf7-text\" autocomplete=\"off\" aria-invalid=\"false\" value=\"\" type=\"text\" name=\"your-parent-contact\" \/><\/span><br \/>\n<\/label>\n\t\t<\/p>\n\t<\/div>\n\t<p><label> Izaberite kurs<br \/>\n<span class=\"wpcf7-form-control-wrap\" data-name=\"your-course\"><select class=\"wpcf7-form-control wpcf7-select wpcf7-validates-as-required\" id=\"your-course\" aria-required=\"true\" aria-invalid=\"false\" name=\"your-course\"><option value=\"\">\u2014Molimo vas izaberite opciju\u2014<\/option><option value=\"Izaberite kurs\">Izaberite kurs<\/option><\/select><\/span><br \/>\n<\/label><br \/>\n<label> Nivo znanja <\/label><br \/>\n<span class=\"wpcf7-form-control-wrap\" data-name=\"knowledge\"><span class=\"wpcf7-form-control wpcf7-radio\"><span class=\"wpcf7-list-item first\"><label><input type=\"radio\" name=\"knowledge\" value=\"osnovni\" \/><span class=\"wpcf7-list-item-label\">osnovni<\/span><\/label><\/span><span class=\"wpcf7-list-item\"><label><input type=\"radio\" name=\"knowledge\" value=\"srednji\" \/><span class=\"wpcf7-list-item-label\">srednji<\/span><\/label><\/span><span class=\"wpcf7-list-item last\"><label><input type=\"radio\" name=\"knowledge\" value=\"napredni\" \/><span class=\"wpcf7-list-item-label\">napredni<\/span><\/label><\/span><\/span><\/span><br \/>\n<label> Usmeno testiranje <\/label><br \/>\n<span class=\"wpcf7-form-control-wrap\" data-name=\"oral-test\"><span class=\"wpcf7-form-control wpcf7-radio\"><span class=\"wpcf7-list-item first\"><label><input type=\"radio\" name=\"oral-test\" value=\"da\" \/><span class=\"wpcf7-list-item-label\">da<\/span><\/label><\/span><span class=\"wpcf7-list-item last\"><label><input type=\"radio\" name=\"oral-test\" value=\"ne\" \/><span class=\"wpcf7-list-item-label\">ne<\/span><\/label><\/span><\/span><\/span><br \/>\n<label> Pismeno testiranje <\/label><br \/>\n<span class=\"wpcf7-form-control-wrap\" data-name=\"written-test\"><span class=\"wpcf7-form-control wpcf7-radio\"><span class=\"wpcf7-list-item first\"><label><input type=\"radio\" name=\"written-test\" value=\"da\" \/><span class=\"wpcf7-list-item-label\">da<\/span><\/label><\/span><span class=\"wpcf7-list-item last\"><label><input type=\"radio\" name=\"written-test\" value=\"ne\" \/><span class=\"wpcf7-list-item-label\">ne<\/span><\/label><\/span><\/span><\/span><br \/>\n<label> Po\u017eeljna lokacija \u0161kole <\/label><br \/>\n<span class=\"wpcf7-form-control-wrap\" data-name=\"location\"><span class=\"wpcf7-form-control wpcf7-radio\"><span class=\"wpcf7-list-item first\"><label><input type=\"radio\" name=\"location\" value=\"City kvart\" checked=\"checked\" \/><span class=\"wpcf7-list-item-label\">City kvart<\/span><\/label><\/span><span class=\"wpcf7-list-item\"><label><input type=\"radio\" name=\"location\" value=\"Maxim\" \/><span class=\"wpcf7-list-item-label\">Maxim<\/span><\/label><\/span><span class=\"wpcf7-list-item last\"><label><input type=\"radio\" name=\"location\" value=\"Stadion\" \/><span class=\"wpcf7-list-item-label\">Stadion<\/span><\/label><\/span><\/span><\/span><br \/>\n<label> Va\u0161a poruka (opcionalno)<br \/>\n<span class=\"wpcf7-form-control-wrap\" data-name=\"your-message\"><textarea cols=\"40\" rows=\"10\" maxlength=\"2000\" class=\"wpcf7-form-control wpcf7-textarea\" aria-invalid=\"false\" name=\"your-message\"><\/textarea><\/span><br \/>\n<\/label>\n\t<\/p>\n\t<p><input class=\"wpcf7-form-control wpcf7-submit has-spinner\" type=\"submit\" value=\"Po\u0161alji\" \/>\n\t<\/p>\n<\/div>\n<p><script data-jetpack-boost=\"ignore\">\n document.addEventListener(\"DOMContentLoaded\", function() {\n const ageRadios = document.querySelectorAll('input[name=\"radio-589\"]'); \/\/ Prona\u0111i radio dugmad\n const parentContactContainer = document.getElementById(\"parent-contact-container\");\n\n \/\/ Funkcija koja se izvr\u0161ava prilikom promene izbora\n const checkAgeSelection = () => {\n const selectedValue = Array.from(ageRadios).find(radio => radio.checked)?.value;\n\n if (selectedValue === \"4-6 godina\" || selectedValue === \"\u0111ak\") {\n parentContactContainer.style.visibility = \"hidden\"; \/\/ Sakrij polje za kontakt roditelja\n parentContactContainer.style.height = \"0\"; \/\/ Postavi visinu na 0 da ne do\u0111e do pomeranja\n } else {\n parentContactContainer.style.visibility = \"visible\"; \/\/ Prika\u017ei polje za kontakt roditelja\n parentContactContainer.style.height = \"auto\"; \/\/ Vra\u0107a visinu na automatsku\n }\n };\n\n \/\/ Prvo proveri izbor kada se u\u010dita stranica\n checkAgeSelection();\n\n \/\/ Dodaj event listener za svaki radio dugme\n ageRadios.forEach(radio => {\n radio.addEventListener(\"change\", checkAgeSelection);\n });\n });\n<\/script>\n<\/p><div class=\"wpcf7-response-output\" aria-hidden=\"true\"><\/div>\n<input type=\"hidden\" name=\"trp-form-language\" value=\"en\"\/><\/form>\n<\/div>","protected":false},"excerpt":{"rendered":"Prijavi se na kurs Unesite neophodne podatke Va\u0161e ime i prezime * Va\u0161a e-mail adresa * Telefon * Uzrast 4-6 godina\u0111akstudentodrasli Za maloljetna lica (do 16 godina) obavezno ostaviti kontakt roditelja za dalji razgovor. Izaberite kurs \u2014Molimo vas izaberite opciju\u2014Izaberite kurs Nivo znanja osnovnisrednjinapredni Usmeno testiranje dane Pismeno testiranje dane Po\u017eeljna lokacija \u0161kole City kvartMaximStadion Va\u0161a poruka (opcionalno)","protected":false},"author":1,"featured_media":0,"parent":0,"menu_order":0,"comment_status":"closed","ping_status":"closed","template":"","meta":{"footnotes":""},"class_list":["post-11511","page","type-page","status-publish","hentry"],"yoast_head":"<!-- This site is optimized with the Yoast SEO plugin v23.7 - https:\/\/yoast.com\/wordpress\/plugins\/seo\/ -->\n<title>Prijava na kurs - Double L<\/title>\n<meta name=\"robots\" content=\"index, follow, max-snippet:-1, max-image-preview:large, max-video-preview:-1\" \/>\n<link rel=\"canonical\" href=\"https:\/\/doublel.me\/en\/registracija-za-kurs\/\" \/>\n<meta property=\"og:locale\" content=\"en_GB\" \/>\n<meta property=\"og:type\" content=\"article\" \/>\n<meta property=\"og:title\" content=\"Prijava na kurs - Double L\" \/>\n<meta property=\"og:url\" content=\"https:\/\/doublel.me\/en\/registracija-za-kurs\/\" \/>\n<meta property=\"og:site_name\" content=\"Double L\" \/>\n<meta property=\"article:modified_time\" content=\"2024-11-21T15:16:47+00:00\" \/>\n<meta name=\"twitter:card\" content=\"summary_large_image\" \/>\n<meta name=\"twitter:label1\" content=\"Estimated reading time\" \/>\n\t<meta name=\"twitter:data1\" content=\"1 minute\" \/>\n<script type=\"application\/ld+json\" class=\"yoast-schema-graph\">{\"@context\":\"https:\/\/schema.org\",\"@graph\":[{\"@type\":\"WebPage\",\"@id\":\"https:\/\/doublel.me\/registracija-za-kurs\/\",\"url\":\"https:\/\/doublel.me\/registracija-za-kurs\/\",\"name\":\"Prijava na kurs - Double L\",\"isPartOf\":{\"@id\":\"https:\/\/doublel.me\/#website\"},\"datePublished\":\"2024-10-11T01:42:12+00:00\",\"dateModified\":\"2024-11-21T15:16:47+00:00\",\"breadcrumb\":{\"@id\":\"https:\/\/doublel.me\/registracija-za-kurs\/#breadcrumb\"},\"inLanguage\":\"en-GB\",\"potentialAction\":[{\"@type\":\"ReadAction\",\"target\":[\"https:\/\/doublel.me\/registracija-za-kurs\/\"]}]},{\"@type\":\"BreadcrumbList\",\"@id\":\"https:\/\/doublel.me\/registracija-za-kurs\/#breadcrumb\",\"itemListElement\":[{\"@type\":\"ListItem\",\"position\":1,\"name\":\"Po\u010detna\",\"item\":\"https:\/\/doublel.me\/\"},{\"@type\":\"ListItem\",\"position\":2,\"name\":\"Prijava na kurs\"}]},{\"@type\":\"WebSite\",\"@id\":\"https:\/\/doublel.me\/#website\",\"url\":\"https:\/\/doublel.me\/\",\"name\":\"Double L\",\"description\":\"Centar za strane jezike i prevodila\u0161tvo Double L\",\"potentialAction\":[{\"@type\":\"SearchAction\",\"target\":{\"@type\":\"EntryPoint\",\"urlTemplate\":\"https:\/\/doublel.me\/?s={search_term_string}\"},\"query-input\":{\"@type\":\"PropertyValueSpecification\",\"valueRequired\":true,\"valueName\":\"search_term_string\"}}],\"inLanguage\":\"en-GB\"}]}<\/script>\n<!-- \/ Yoast SEO plugin. -->","yoast_head_json":{"title":"Prijava na kurs - Double L","robots":{"index":"index","follow":"follow","max-snippet":"max-snippet:-1","max-image-preview":"max-image-preview:large","max-video-preview":"max-video-preview:-1"},"canonical":"https:\/\/doublel.me\/en\/registracija-za-kurs\/","og_locale":"en_GB","og_type":"article","og_title":"Prijava na kurs - Double L","og_url":"https:\/\/doublel.me\/en\/registracija-za-kurs\/","og_site_name":"Double L","article_modified_time":"2024-11-21T15:16:47+00:00","twitter_card":"summary_large_image","twitter_misc":{"Estimated reading time":"1 minute"},"schema":{"@context":"https:\/\/schema.org","@graph":[{"@type":"WebPage","@id":"https:\/\/doublel.me\/registracija-za-kurs\/","url":"https:\/\/doublel.me\/registracija-za-kurs\/","name":"Prijava na kurs - Double L","isPartOf":{"@id":"https:\/\/doublel.me\/#website"},"datePublished":"2024-10-11T01:42:12+00:00","dateModified":"2024-11-21T15:16:47+00:00","breadcrumb":{"@id":"https:\/\/doublel.me\/registracija-za-kurs\/#breadcrumb"},"inLanguage":"en-GB","potentialAction":[{"@type":"ReadAction","target":["https:\/\/doublel.me\/registracija-za-kurs\/"]}]},{"@type":"BreadcrumbList","@id":"https:\/\/doublel.me\/registracija-za-kurs\/#breadcrumb","itemListElement":[{"@type":"ListItem","position":1,"name":"Po\u010detna","item":"https:\/\/doublel.me\/"},{"@type":"ListItem","position":2,"name":"Prijava na kurs"}]},{"@type":"WebSite","@id":"https:\/\/doublel.me\/#website","url":"https:\/\/doublel.me\/","name":"Double L","description":"Centar za strane jezike i prevodila\u0161tvo Double L","potentialAction":[{"@type":"SearchAction","target":{"@type":"EntryPoint","urlTemplate":"https:\/\/doublel.me\/?s={search_term_string}"},"query-input":{"@type":"PropertyValueSpecification","valueRequired":true,"valueName":"search_term_string"}}],"inLanguage":"en-GB"}]}},"_links":{"self":[{"href":"https:\/\/doublel.me\/en\/wp-json\/wp\/v2\/pages\/11511","targetHints":{"allow":["GET"]}}],"collection":[{"href":"https:\/\/doublel.me\/en\/wp-json\/wp\/v2\/pages"}],"about":[{"href":"https:\/\/doublel.me\/en\/wp-json\/wp\/v2\/types\/page"}],"author":[{"embeddable":true,"href":"https:\/\/doublel.me\/en\/wp-json\/wp\/v2\/users\/1"}],"replies":[{"embeddable":true,"href":"https:\/\/doublel.me\/en\/wp-json\/wp\/v2\/comments?post=11511"}],"version-history":[{"count":1,"href":"https:\/\/doublel.me\/en\/wp-json\/wp\/v2\/pages\/11511\/revisions"}],"predecessor-version":[{"id":11665,"href":"https:\/\/doublel.me\/en\/wp-json\/wp\/v2\/pages\/11511\/revisions\/11665"}],"wp:attachment":[{"href":"https:\/\/doublel.me\/en\/wp-json\/wp\/v2\/media?parent=11511"}],"curies":[{"name":"wp","href":"https:\/\/api.w.org\/{rel}","templated":true}]}}