{"id":264,"date":"2017-03-13T10:33:13","date_gmt":"2017-03-13T10:33:13","guid":{"rendered":"https:\/\/digitalartefakttest.xyz\/?page_id=264"},"modified":"2024-11-21T15:15:21","modified_gmt":"2024-11-21T15:15:21","slug":"nase-poslovnice","status":"publish","type":"page","link":"https:\/\/doublel.me\/en\/nase-poslovnice\/","title":{"rendered":"Our Offices"},"content":{"rendered":"<div class=\"vc_row wpb_row vc_row-fluid\"><div class=\"wpb_column vc_column_container vc_col-sm-12 sc_layouts_column_icons_position_left\"><div class=\"vc_column-inner\"><div class=\"wpb_wrapper\"><div class=\"vc_empty_space  height_huge\"   style=\"height: 32px\"><span class=\"vc_empty_space_inner\"><\/span><\/div><div  id=\"sc_promo_118108002\" \n\tclass=\"sc_promo sc_promo_default sc_promo_size_normal sc_promo_no_paddings sc_promo_image_position_right\"><div class=\"sc_promo_image lazyload\" style=\"background-image:inherit;width:50%;right: 0;\" data-bg-image=\"url(https:\/\/doublel.me\/wp-content\/uploads\/2024\/06\/poslovnica_maxim.jpg)\"><\/div><div class=\"sc_promo_text\" style=\"width: 50%;float: left;\">\n\t\t\t<div class=\"sc_promo_text_inner\" style=\"\"><h6 class=\"sc_item_subtitle sc_promo_subtitle sc_align_left sc_item_title_style_default\">Boulevard Sveti Petar Cetinjski no. 106<\/h6><h3 class=\"sc_item_title sc_promo_title sc_align_left sc_item_title_style_default\">Maxim Business Center<\/h3><div class=\"sc_item_descr sc_promo_descr sc_align_left\">Three classrooms, designed for both individual and group teaching, occupy an 85 m2 space.<br \/><br \/>\nIt is located at Bulevar Svetog Petra Cetinjsko no. 106 (Maxim building).<\/div><a href=\"\/en\/kontakt\/\" id=\"sc_button_601080254\" class=\"sc_button sc_button_default sc_button_size_normal sc_button_icon_left\"><span class=\"sc_button_text\"><span class=\"sc_button_title\">Contact us<\/span><\/span><!-- \/.sc_button_text --><\/a><!-- \/.sc_button --><\/div>\n\t\t<\/div><!-- \/.sc_promo_text --><\/div><!-- \/.sc_promo --><div class=\"vc_empty_space  height_huge\"   style=\"height: 32px\"><span class=\"vc_empty_space_inner\"><\/span><\/div><\/div><\/div><\/div><\/div><div class=\"vc_row wpb_row vc_row-fluid\"><div class=\"wpb_column vc_column_container vc_col-sm-12 sc_layouts_column_icons_position_left\"><div class=\"vc_column-inner\"><div class=\"wpb_wrapper\"><div  id=\"sc_promo_954892106\" \n\tclass=\"sc_promo sc_promo_default sc_promo_size_normal sc_promo_no_paddings sc_promo_image_position_right\"><div class=\"sc_promo_image lazyload\" style=\"background-image:inherit;width:50%;right: 0;\" data-bg-image=\"url(https:\/\/doublel.me\/wp-content\/uploads\/2024\/06\/poslovnica_city_kvart.jpg)\"><\/div><div class=\"sc_promo_text\" style=\"width: 50%;float: left;\">\n\t\t\t<div class=\"sc_promo_text_inner\" style=\"\"><h6 class=\"sc_item_subtitle sc_promo_subtitle sc_align_left sc_item_title_style_default\">Ulica studentska br. 37<\/h6><h3 class=\"sc_item_title sc_promo_title sc_align_left sc_item_title_style_default\">Business center CITY QUARTER<\/h3><div class=\"sc_item_descr sc_promo_descr sc_align_left\">It has two separate buildings. The first facility has 5 classrooms equipped to the highest standards at the address Studentska street no. 37, while the other facility located in the first professor's building has 2 classrooms.<\/div><a href=\"\/en\/kontakt\/\" id=\"sc_button_2078848848\" class=\"sc_button sc_button_default sc_button_size_normal sc_button_icon_left\"><span class=\"sc_button_text\"><span class=\"sc_button_title\">Contact us<\/span><\/span><!-- \/.sc_button_text --><\/a><!-- \/.sc_button --><\/div>\n\t\t<\/div><!-- \/.sc_promo_text --><\/div><!-- \/.sc_promo --><div class=\"vc_empty_space  height_huge\"   style=\"height: 32px\"><span class=\"vc_empty_space_inner\"><\/span><\/div><\/div><\/div><\/div><\/div><div data-vc-full-width=\"true\" data-vc-full-width-init=\"false\" class=\"vc_row wpb_row vc_row-fluid vc_custom_1513857089894 vc_row-has-fill\"><div class=\"wpb_column vc_column_container vc_col-sm-12 sc_layouts_column_icons_position_left\"><div class=\"vc_column-inner\"><div class=\"wpb_wrapper\"><div class=\"vc_empty_space  height_huge\"   style=\"height: 32px\"><span class=\"vc_empty_space_inner\"><\/span><\/div><div id=\"p_bar\" class=\"vc_row wpb_row vc_inner vc_row-fluid\"><div class=\"wpb_column vc_column_container vc_col-sm-8 sc_layouts_column_icons_position_left\"><div class=\"vc_column-inner\"><div class=\"wpb_wrapper\"><div id=\"sc_title_174626830\"\n\t\tclass=\"scheme_dark sc_title sc_title_default\"><h6 class=\"sc_item_subtitle sc_title_subtitle sc_align_left sc_item_title_style_default\">languages<\/h6><h3 class=\"sc_item_title sc_title_title sc_align_left sc_item_title_style_default\">We offer translation from\/into 35 world languages, with or without certification by a court interpreter.<\/h3><\/div><!-- \/.sc_title --><div class=\"vc_empty_space  height_small\"   style=\"height: 32px\"><span class=\"vc_empty_space_inner\"><\/span><\/div><div class=\"sc_item_button sc_button_wrap sc_align_left\"><a href=\"\/en\/nase-usluge\/\" id=\"sc_button_1965268493\" class=\"sc_button sc_button_default sc_button_size_normal sc_button_icon_left\"><span class=\"sc_button_text sc_align_center\"><span class=\"sc_button_title\">More information<\/span><\/span><!-- \/.sc_button_text --><\/a><!-- \/.sc_button --><\/div><!-- \/.sc_item_button --><div class=\"vc_empty_space  height_medium\"   style=\"height: 32px\"><span class=\"vc_empty_space_inner\"><\/span><\/div><\/div><\/div><\/div><div class=\"wpb_column vc_column_container vc_col-sm-4 sc_layouts_column_icons_position_left scheme_dark\"><div class=\"vc_column-inner\"><div class=\"wpb_wrapper\"><div class=\"vc_progress_bar wpb_content_element  vc_progress-bar-color-bar_grey vc_progress_bar_narrow\" ><div class=\"vc_general vc_single_bar\"><small class=\"vc_label\">english<\/small><span class=\"vc_bar\" data-percentage-value=\"100\" data-value=\"100\"><\/span><\/div><div class=\"vc_general vc_single_bar\"><small class=\"vc_label\">german<\/small><span class=\"vc_bar\" data-percentage-value=\"100\" data-value=\"100\"><\/span><\/div><div class=\"vc_general vc_single_bar\"><small class=\"vc_label\">france<\/small><span class=\"vc_bar\" data-percentage-value=\"100\" data-value=\"100\"><\/span><\/div><div class=\"vc_general vc_single_bar\"><small class=\"vc_label\">spanish<\/small><span class=\"vc_bar\" data-percentage-value=\"100\" data-value=\"100\"><\/span><\/div><div class=\"vc_general vc_single_bar\"><small class=\"vc_label\">italian<\/small><span class=\"vc_bar\" data-percentage-value=\"100\" data-value=\"100\"><\/span><\/div><\/div><\/div><\/div><\/div><\/div><div class=\"vc_empty_space  height_large\"   style=\"height: 32px\"><span class=\"vc_empty_space_inner\"><\/span><\/div><\/div><\/div><\/div><\/div><div class=\"vc_row-full-width vc_clearfix\"><\/div><div class=\"vc_row wpb_row vc_row-fluid\"><div class=\"wpb_column vc_column_container vc_col-sm-12 sc_layouts_column_icons_position_left\"><div class=\"vc_column-inner\"><div class=\"wpb_wrapper\">\n\t<div class=\"wpb_text_column wpb_content_element\" >\n\t\t<div class=\"wpb_wrapper\">\n\t\t\t\n\t\t<\/div>\n\t<\/div>\n<\/div><\/div><\/div><\/div><div class=\"vc_row wpb_row vc_row-fluid\"><div class=\"wpb_column vc_column_container vc_col-sm-12 sc_layouts_column_icons_position_left\"><div class=\"vc_column-inner\"><div class=\"wpb_wrapper\"><div class=\"vc_empty_space  height_huge\"   style=\"height: 32px\"><span class=\"vc_empty_space_inner\"><\/span><\/div><div class=\"vc_row wpb_row vc_inner vc_row-fluid\"><div class=\"wpb_column vc_column_container vc_col-sm-6 sc_layouts_column_icons_position_left\"><div class=\"vc_column-inner\"><div class=\"wpb_wrapper\"><div id=\"sc_title_1755486068\"\n\t\tclass=\"sc_title sc_title_default\"><h3 class=\"sc_item_title sc_title_title sc_align_left sc_item_title_style_default sc_item_title_tag\">FREQUENTLY ASKED QUESTIONS<\/h3><\/div><!-- \/.sc_title --><div class=\"vc_empty_space  height_tiny\"   style=\"height: 32px\"><span class=\"vc_empty_space_inner\"><\/span><\/div><div class=\"vc_tta-container\" data-vc-action=\"collapse\"><div class=\"vc_general vc_tta vc_tta-accordion vc_tta-color-grey vc_tta-style-classic vc_tta-shape-round vc_tta-spacing-5 vc_tta-controls-align-left vc_tta-o-no-fill\"><div class=\"vc_tta-panels-container\"><div class=\"vc_tta-panels\"><div class=\"vc_tta-panel vc_active\" id=\"1489160919613-b0f7009c-a3f5\" data-vc-content=\".vc_tta-panel-body\"><div class=\"vc_tta-panel-heading\"><h4 class=\"vc_tta-panel-title vc_tta-controls-icon-position-left\"><a href=\"#1489160919613-b0f7009c-a3f5\" data-vc-accordion data-vc-container=\".vc_tta-container\"><span class=\"vc_tta-title-text\">What types of documents do you translate, and is it required to be certified by a court interpreter?<\/span><i class=\"vc_tta-controls-icon vc_tta-controls-icon-chevron\"><\/i><\/a><\/h4><\/div><div class=\"vc_tta-panel-body\">\n\t<div class=\"wpb_text_column wpb_content_element\" >\n\t\t<div class=\"wpb_wrapper\">\n\t\t\t<p>Our translation focuses on all kinds of requests: Legal and court documents (such as contracts, lawsuits, decisions, financial reports, etc.), general and professional texts (such as instructions for use, advertising materials, business correspondence, etc.), and personal documents (such as excerpts from registers, certificates of citizenship, diplomas, passports, etc.).<\/p>\n<p>Depending on your requirements, court interpreter certification is offered.<\/p>\n\n\t\t<\/div>\n\t<\/div>\n<\/div><\/div><div class=\"vc_tta-panel\" id=\"1489160919665-29741178-d2f6\" data-vc-content=\".vc_tta-panel-body\"><div class=\"vc_tta-panel-heading\"><h4 class=\"vc_tta-panel-title vc_tta-controls-icon-position-left\"><a href=\"#1489160919665-29741178-d2f6\" data-vc-accordion data-vc-container=\".vc_tta-container\"><span class=\"vc_tta-title-text\">How long does it take to complete a translation, and how are the prices determined?<\/span><i class=\"vc_tta-controls-icon vc_tta-controls-icon-chevron\"><\/i><\/a><\/h4><\/div><div class=\"vc_tta-panel-body\">\n\t<div class=\"wpb_text_column wpb_content_element\" >\n\t\t<div class=\"wpb_wrapper\">\n\t\t\t<p>The amount and nature of the document, along with the level of technical jargon, determine how long it will take to finish the translation. Translation type (certified or not), language, and page or character count shall determine the price. Our price list includes the standard prices for specific languages.<\/p>\n\n\t\t<\/div>\n\t<\/div>\n<\/div><\/div><div class=\"vc_tta-panel\" id=\"1718287195822-2f3353ec-f862\" data-vc-content=\".vc_tta-panel-body\"><div class=\"vc_tta-panel-heading\"><h4 class=\"vc_tta-panel-title vc_tta-controls-icon-position-left\"><a href=\"#1718287195822-2f3353ec-f862\" data-vc-accordion data-vc-container=\".vc_tta-container\"><span class=\"vc_tta-title-text\">For both adults and children, how does your facility aid in the process of language acquisition?<\/span><i class=\"vc_tta-controls-icon vc_tta-controls-icon-chevron\"><\/i><\/a><\/h4><\/div><div class=\"vc_tta-panel-body\">\n\t<div class=\"wpb_text_column wpb_content_element\" >\n\t\t<div class=\"wpb_wrapper\">\n\t\t\t<p>We use creative approaches that promote the overall development of linguistic abilities in addition to traditional textbooks. We also provide a wide variety of classes, including general language and business-specific offerings.<\/p>\n\n\t\t<\/div>\n\t<\/div>\n<\/div><\/div><div class=\"vc_tta-panel\" id=\"1489161034621-39670e10-08be\" data-vc-content=\".vc_tta-panel-body\"><div class=\"vc_tta-panel-heading\"><h4 class=\"vc_tta-panel-title vc_tta-controls-icon-position-left\"><a href=\"#1489161034621-39670e10-08be\" data-vc-accordion data-vc-container=\".vc_tta-container\"><span class=\"vc_tta-title-text\">How does your Center organize its students, and how does it track their progress?<\/span><i class=\"vc_tta-controls-icon vc_tta-controls-icon-chevron\"><\/i><\/a><\/h4><\/div><div class=\"vc_tta-panel-body\">\n\t<div class=\"wpb_text_column wpb_content_element\" >\n\t\t<div class=\"wpb_wrapper\">\n\t\t\t<p>Participants are grouped based on their current language proficiency and areas of interest to facilitate individualized instruction. Our educators monitor each student's development closely and modify their lessons accordingly to meet their needs to the fullest.<\/p>\n\n\t\t<\/div>\n\t<\/div>\n<\/div><\/div><div class=\"vc_tta-panel\" id=\"1718287192127-bee183c8-2973\" data-vc-content=\".vc_tta-panel-body\"><div class=\"vc_tta-panel-heading\"><h4 class=\"vc_tta-panel-title vc_tta-controls-icon-position-left\"><a href=\"#1718287192127-bee183c8-2973\" data-vc-accordion data-vc-container=\".vc_tta-container\"><span class=\"vc_tta-title-text\">Can I get a free estimate for the translation of my documents?<\/span><i class=\"vc_tta-controls-icon vc_tta-controls-icon-chevron\"><\/i><\/a><\/h4><\/div><div class=\"vc_tta-panel-body\">\n\t<div class=\"wpb_text_column wpb_content_element\" >\n\t\t<div class=\"wpb_wrapper\">\n\t\t\t<p>Yes, you can contact us for a free assessment of your papers and to obtain further information about our translation services.<\/p>\n<p>Our team is prepared to furnish you with the required information and guidance.<\/p>\n\n\t\t<\/div>\n\t<\/div>\n<\/div><\/div><\/div><\/div><\/div><\/div><\/div><\/div><\/div><div class=\"wpb_column vc_column_container vc_col-sm-6 sc_layouts_column_icons_position_left\"><div class=\"vc_column-inner\"><div class=\"wpb_wrapper\"><div id=\"sc_title_971387312\"\n\t\tclass=\"sc_title sc_title_default\"><h3 class=\"sc_item_title sc_title_title sc_align_left sc_item_title_style_default sc_item_title_tag\">OUR OFFICES<\/h3><\/div><!-- \/.sc_title --><div class=\"vc_empty_space  height_small\"   style=\"height: 32px\"><span class=\"vc_empty_space_inner\"><\/span><\/div><div style=\"width:;\" class=\"cqtooltip-wrapper\" data-opacity=\"1\" data-tooltipanimation=\"grow\" data-tooltipstyle=\"shadow\" data-trigger=\"\" data-maxwidth=\"240\" data-marginoffset=\"\" data-isdisplayall=\"off\" data-displayednum=\"1\"><img decoding=\"async\" data-src=\"https:\/\/doublel.me\/wp-content\/uploads\/2024\/06\/sdw.png\" alt=\"Podgorica - Double L\" src=\"data:image\/gif;base64,R0lGODlhAQABAAAAACH5BAEKAAEALAAAAAABAAEAAAICTAEAOw==\" class=\"lazyload\" style=\"--smush-placeholder-width: 3725px; --smush-placeholder-aspect-ratio: 3725\/2710;\" \/><noscript><img decoding=\"async\" src=\"https:\/\/doublel.me\/wp-content\/uploads\/2024\/06\/sdw.png\" alt=\"Podgorica - Double L\" \/><\/noscript><div class=\"cq-hotspots\"><div class=\"hotspot-item\" style=\"top:27%;left:47%;\" data-top=\"27%\" data-left=\"47%\"><a href=\"#\" class=\"cq-tooltip\" style=\"background-color:rgba(0,0,0,0.8);\" data-iconbg=\"rgba(0,0,0,0.8)\" data-tooltip=\"&lt;p&gt;&lt;strong&gt;Zgrada Maxim&lt;\/strong&gt;&lt;\/p&gt;&lt;p&gt;&amp;nbsp;&lt;\/p&gt;&lt;p&gt;&lt;strong&gt;Adresa:&lt;\/strong&gt;\u00a0Bul. Sv. Petra Cetinjskog 106&lt;\/p&gt;&lt;p&gt;&lt;strong&gt;Telefon:\u00a0&lt;\/strong&gt;+382 20 228 301&lt;\/p&gt;&lt;p&gt;&lt;strong&gt;Mobilni:&lt;\/strong&gt; +382 (0)69 120 351&lt;\/p&gt;&lt;p&gt;&lt;strong&gt;E-mail:&lt;\/strong&gt; &lt;a href=&quot;mailto:doublel.max@doublel.co.me&quot;&gt;doublel.max@doublel.co.me&lt;\/a&gt;&lt;\/p&gt;&lt;p&gt;&lt;\/p&gt;&lt;p&gt;\" data-arrowposition=\"\"><span style=\"background:#ffffff;\"><\/span><\/a><\/div><div class=\"hotspot-item\" style=\"top:30%;left:40%;\" data-top=\"30%\" data-left=\"40%\"><a href=\"#\" class=\"cq-tooltip\" style=\"background-color:rgba(0,0,0,0.8);\" data-iconbg=\"rgba(0,0,0,0.8)\" data-tooltip=\"&lt;p&gt;&lt;strong&gt;CITY KVART &lt;\/strong&gt;&lt;\/p&gt;&lt;p&gt;&amp;nbsp;&lt;\/p&gt;&lt;p&gt;&lt;strong&gt;Adresa:&lt;\/strong&gt; Studentska 37, Podgorica&lt;\/p&gt;&lt;p&gt;&lt;strong&gt;Telefon:&lt;\/strong&gt;\u00a0+382 20 510 724&lt;\/p&gt;&lt;p&gt;&lt;strong&gt;Mobilni:&lt;\/strong&gt;\u00a0+382 69 684 410&lt;\/p&gt;&lt;p&gt;&lt;strong&gt;Mobilni:&lt;\/strong&gt;\u00a0+382 69 187 800&lt;\/p&gt;&lt;p&gt;&lt;strong&gt;E-mail:&lt;\/strong&gt; &lt;a href=&quot;mailto:doublel.city@doublel.co.me&quot;&gt;doublel.city@doublel.co.me&lt;\/a&gt;&lt;\/p&gt;&lt;p&gt;\" data-arrowposition=\"top\"><span style=\"background:#ffffff;\"><\/span><\/a><\/div><\/div><\/div><\/div><\/div><\/div><\/div><\/div><\/div><\/div><\/div>","protected":false},"excerpt":{"rendered":"Bulevar Svetog Petra Cetinjskog br. 106Poslovni centar MAXIMNa povr\u0161ini od 85 m2, raspola\u017ee sa 3 nastavne u\u010dionice, koje su prilago\u0111ene grupnoj i individualnoj nastavi. Nalazi se na adresi Bulevar Svetog Petra Cetinjskog br. 106 (Maxim zgrada).Kontaktiraj nas Ulica studentska br. 37Poslovni centar CITY KVARTPosjeduje dva zasebna objekta. Prvi objekat ima 5 u\u010dionioca opremljenih po najvi\u0161im standardima na adresi Ulica studentska&hellip;","protected":false},"author":1,"featured_media":0,"parent":0,"menu_order":0,"comment_status":"closed","ping_status":"closed","template":"","meta":{"footnotes":""},"class_list":["post-264","page","type-page","status-publish","hentry"],"yoast_head":"<!-- This site is optimized with the Yoast SEO plugin v23.7 - https:\/\/yoast.com\/wordpress\/plugins\/seo\/ -->\n<title>Na\u0161e Poslovnice - Double L<\/title>\n<meta name=\"robots\" content=\"index, follow, max-snippet:-1, max-image-preview:large, max-video-preview:-1\" \/>\n<link rel=\"canonical\" href=\"https:\/\/doublel.me\/en\/nase-poslovnice\/\" \/>\n<meta property=\"og:locale\" content=\"en_GB\" \/>\n<meta property=\"og:type\" content=\"article\" \/>\n<meta property=\"og:title\" content=\"Na\u0161e Poslovnice - Double L\" \/>\n<meta property=\"og:url\" content=\"https:\/\/doublel.me\/en\/nase-poslovnice\/\" \/>\n<meta property=\"og:site_name\" content=\"Double L\" \/>\n<meta property=\"article:modified_time\" content=\"2024-11-21T15:15:21+00:00\" \/>\n<meta name=\"twitter:card\" content=\"summary_large_image\" \/>\n<meta name=\"twitter:label1\" content=\"Estimated reading time\" \/>\n\t<meta name=\"twitter:data1\" content=\"3 minutes\" \/>\n<script type=\"application\/ld+json\" class=\"yoast-schema-graph\">{\"@context\":\"https:\/\/schema.org\",\"@graph\":[{\"@type\":\"WebPage\",\"@id\":\"https:\/\/doublel.me\/nase-poslovnice\/\",\"url\":\"https:\/\/doublel.me\/nase-poslovnice\/\",\"name\":\"Na\u0161e Poslovnice - Double L\",\"isPartOf\":{\"@id\":\"https:\/\/doublel.me\/#website\"},\"datePublished\":\"2017-03-13T10:33:13+00:00\",\"dateModified\":\"2024-11-21T15:15:21+00:00\",\"breadcrumb\":{\"@id\":\"https:\/\/doublel.me\/nase-poslovnice\/#breadcrumb\"},\"inLanguage\":\"en-GB\",\"potentialAction\":[{\"@type\":\"ReadAction\",\"target\":[\"https:\/\/doublel.me\/nase-poslovnice\/\"]}]},{\"@type\":\"BreadcrumbList\",\"@id\":\"https:\/\/doublel.me\/nase-poslovnice\/#breadcrumb\",\"itemListElement\":[{\"@type\":\"ListItem\",\"position\":1,\"name\":\"Po\u010detna\",\"item\":\"https:\/\/doublel.me\/\"},{\"@type\":\"ListItem\",\"position\":2,\"name\":\"Na\u0161e Poslovnice\"}]},{\"@type\":\"WebSite\",\"@id\":\"https:\/\/doublel.me\/#website\",\"url\":\"https:\/\/doublel.me\/\",\"name\":\"Double L\",\"description\":\"Centar za strane jezike i prevodila\u0161tvo Double L\",\"potentialAction\":[{\"@type\":\"SearchAction\",\"target\":{\"@type\":\"EntryPoint\",\"urlTemplate\":\"https:\/\/doublel.me\/?s={search_term_string}\"},\"query-input\":{\"@type\":\"PropertyValueSpecification\",\"valueRequired\":true,\"valueName\":\"search_term_string\"}}],\"inLanguage\":\"en-GB\"}]}<\/script>\n<!-- \/ Yoast SEO plugin. -->","yoast_head_json":{"title":"Na\u0161e Poslovnice - Double L","robots":{"index":"index","follow":"follow","max-snippet":"max-snippet:-1","max-image-preview":"max-image-preview:large","max-video-preview":"max-video-preview:-1"},"canonical":"https:\/\/doublel.me\/en\/nase-poslovnice\/","og_locale":"en_GB","og_type":"article","og_title":"Na\u0161e Poslovnice - Double L","og_url":"https:\/\/doublel.me\/en\/nase-poslovnice\/","og_site_name":"Double L","article_modified_time":"2024-11-21T15:15:21+00:00","twitter_card":"summary_large_image","twitter_misc":{"Estimated reading time":"3 minutes"},"schema":{"@context":"https:\/\/schema.org","@graph":[{"@type":"WebPage","@id":"https:\/\/doublel.me\/nase-poslovnice\/","url":"https:\/\/doublel.me\/nase-poslovnice\/","name":"Na\u0161e Poslovnice - Double L","isPartOf":{"@id":"https:\/\/doublel.me\/#website"},"datePublished":"2017-03-13T10:33:13+00:00","dateModified":"2024-11-21T15:15:21+00:00","breadcrumb":{"@id":"https:\/\/doublel.me\/nase-poslovnice\/#breadcrumb"},"inLanguage":"en-GB","potentialAction":[{"@type":"ReadAction","target":["https:\/\/doublel.me\/nase-poslovnice\/"]}]},{"@type":"BreadcrumbList","@id":"https:\/\/doublel.me\/nase-poslovnice\/#breadcrumb","itemListElement":[{"@type":"ListItem","position":1,"name":"Po\u010detna","item":"https:\/\/doublel.me\/"},{"@type":"ListItem","position":2,"name":"Na\u0161e Poslovnice"}]},{"@type":"WebSite","@id":"https:\/\/doublel.me\/#website","url":"https:\/\/doublel.me\/","name":"Double L","description":"Centar za strane jezike i prevodila\u0161tvo Double L","potentialAction":[{"@type":"SearchAction","target":{"@type":"EntryPoint","urlTemplate":"https:\/\/doublel.me\/?s={search_term_string}"},"query-input":{"@type":"PropertyValueSpecification","valueRequired":true,"valueName":"search_term_string"}}],"inLanguage":"en-GB"}]}},"_links":{"self":[{"href":"https:\/\/doublel.me\/en\/wp-json\/wp\/v2\/pages\/264","targetHints":{"allow":["GET"]}}],"collection":[{"href":"https:\/\/doublel.me\/en\/wp-json\/wp\/v2\/pages"}],"about":[{"href":"https:\/\/doublel.me\/en\/wp-json\/wp\/v2\/types\/page"}],"author":[{"embeddable":true,"href":"https:\/\/doublel.me\/en\/wp-json\/wp\/v2\/users\/1"}],"replies":[{"embeddable":true,"href":"https:\/\/doublel.me\/en\/wp-json\/wp\/v2\/comments?post=264"}],"version-history":[{"count":1,"href":"https:\/\/doublel.me\/en\/wp-json\/wp\/v2\/pages\/264\/revisions"}],"predecessor-version":[{"id":11655,"href":"https:\/\/doublel.me\/en\/wp-json\/wp\/v2\/pages\/264\/revisions\/11655"}],"wp:attachment":[{"href":"https:\/\/doublel.me\/en\/wp-json\/wp\/v2\/media?parent=264"}],"curies":[{"name":"wp","href":"https:\/\/api.w.org\/{rel}","templated":true}]}}